{"id":7446,"date":"2021-09-20T19:03:28","date_gmt":"2021-09-20T23:03:28","guid":{"rendered":"https:\/\/metaltechglobal.com\/?page_id=7446"},"modified":"2021-10-19T02:17:50","modified_gmt":"2021-10-19T06:17:50","slug":"zinc-blando","status":"publish","type":"page","link":"https:\/\/metaltechglobal.com\/es\/productos\/sistemas-rainscreen\/zinc-blando\/","title":{"rendered":"Zinc Blando"},"content":{"rendered":"<div  class='avia-slideshow av-av_slideshow-0fab04a0e86321bbf5c6b3f3c5bf59a5 avia-slideshow-featured_large av_slideshow avia-fade-slider  avia-builder-el-0  el_before_av_one_full  avia-builder-el-first  av-slideshow-ui av-control-hidden av-no-slider-navigation av-hide-nav-arrows av-slideshow-autoplay av-loop-endless av-loop-manual-endless av-default-height-applied avia-slideshow-1' data-slideshow-options=\"{&quot;animation&quot;:&quot;fade&quot;,&quot;autoplay&quot;:true,&quot;loop_autoplay&quot;:&quot;endless&quot;,&quot;interval&quot;:5,&quot;loop_manual&quot;:&quot;manual-endless&quot;,&quot;autoplay_stopper&quot;:false,&quot;noNavigation&quot;:true,&quot;bg_slider&quot;:false,&quot;keep_padding&quot;:false,&quot;hoverpause&quot;:false,&quot;show_slide_delay&quot;:0}\"  itemprop=\"image\" itemscope=\"itemscope\" itemtype=\"https:\/\/schema.org\/ImageObject\" ><ul class='avia-slideshow-inner ' style='padding-bottom: 42%;'><li  class='avia-slideshow-slide av-av_slideshow-0fab04a0e86321bbf5c6b3f3c5bf59a5__0  slide-1 slide-odd'><div data-rel='slideshow-1' class='avia-slide-wrap '   ><img decoding=\"async\" fetchpriority=\"high\" class=\"wp-image-2273 avia-img-lazy-loading-not-2273\"  src=\"https:\/\/metaltechglobal.com\/wp-content\/uploads\/2018\/03\/KU-01-1500x630.jpg\" width=\"1500\" height=\"630\" title='KU-01' alt='Zinc Panel'  itemprop=\"thumbnailUrl\"   \/><\/div><\/li><li  class='avia-slideshow-slide av-av_slideshow-0fab04a0e86321bbf5c6b3f3c5bf59a5__1  slide-2 slide-even'><div data-rel='slideshow-1' class='avia-slide-wrap '   ><img decoding=\"async\" fetchpriority=\"high\" class=\"wp-image-2272 avia-img-lazy-loading-not-2272\"  src=\"https:\/\/metaltechglobal.com\/wp-content\/uploads\/2018\/03\/elZinc-Natural-Tiles-Haussmann-Building.jpg\" width=\"800\" height=\"534\" title='elZinc-Natural-Tiles-Haussmann-Building' alt='elZinc Natural'  itemprop=\"thumbnailUrl\" srcset=\"https:\/\/metaltechglobal.com\/wp-content\/uploads\/2018\/03\/elZinc-Natural-Tiles-Haussmann-Building.jpg 800w, https:\/\/metaltechglobal.com\/wp-content\/uploads\/2018\/03\/elZinc-Natural-Tiles-Haussmann-Building-300x200.jpg 300w, https:\/\/metaltechglobal.com\/wp-content\/uploads\/2018\/03\/elZinc-Natural-Tiles-Haussmann-Building-768x513.jpg 768w, https:\/\/metaltechglobal.com\/wp-content\/uploads\/2018\/03\/elZinc-Natural-Tiles-Haussmann-Building-705x471.jpg 705w, https:\/\/metaltechglobal.com\/wp-content\/uploads\/2018\/03\/elZinc-Natural-Tiles-Haussmann-Building-450x300.jpg 450w\" sizes=\"(max-width: 800px) 100vw, 800px\" \/><\/div><\/li><li  class='avia-slideshow-slide av-av_slideshow-0fab04a0e86321bbf5c6b3f3c5bf59a5__2  slide-3 slide-odd'><div data-rel='slideshow-1' class='avia-slide-wrap '   ><img decoding=\"async\" fetchpriority=\"high\" class=\"wp-image-2274 avia-img-lazy-loading-not-2274\"  src=\"https:\/\/metaltechglobal.com\/wp-content\/uploads\/2018\/03\/22221588_2033768623567203_716343393502646284_n.jpg\" width=\"960\" height=\"576\" title='22221588_2033768623567203_716343393502646284_n' alt='Modern Architectura'  itemprop=\"thumbnailUrl\" srcset=\"https:\/\/metaltechglobal.com\/wp-content\/uploads\/2018\/03\/22221588_2033768623567203_716343393502646284_n.jpg 960w, https:\/\/metaltechglobal.com\/wp-content\/uploads\/2018\/03\/22221588_2033768623567203_716343393502646284_n-300x180.jpg 300w, https:\/\/metaltechglobal.com\/wp-content\/uploads\/2018\/03\/22221588_2033768623567203_716343393502646284_n-768x461.jpg 768w, https:\/\/metaltechglobal.com\/wp-content\/uploads\/2018\/03\/22221588_2033768623567203_716343393502646284_n-705x423.jpg 705w, https:\/\/metaltechglobal.com\/wp-content\/uploads\/2018\/03\/22221588_2033768623567203_716343393502646284_n-450x270.jpg 450w\" sizes=\"(max-width: 960px) 100vw, 960px\" \/><\/div><\/li><\/ul><div class='avia-slideshow-arrows avia-slideshow-controls' ><a href='#prev' class='prev-slide  avia-svg-icon avia-font-svg_entypo-fontello' data-av_svg_icon='left-open-big' data-av_iconset='svg_entypo-fontello' tabindex='-1' title=\"Anterior\"><svg version=\"1.1\" xmlns=\"http:\/\/www.w3.org\/2000\/svg\" width=\"15\" height=\"32\" viewBox=\"0 0 15 32\" preserveAspectRatio=\"xMidYMid meet\" aria-labelledby='av-svg-title-1' aria-describedby='av-svg-desc-1' role=\"graphics-symbol\" aria-hidden=\"true\">\n<title id='av-svg-title-1'>Anterior<\/title>\n<desc id='av-svg-desc-1'>Anterior<\/desc>\n<path d=\"M14.464 27.84q0.832 0.832 0 1.536-0.832 0.832-1.536 0l-12.544-12.608q-0.768-0.768 0-1.6l12.544-12.608q0.704-0.832 1.536 0 0.832 0.704 0 1.536l-11.456 11.904z\"><\/path>\n<\/svg><span class='avia_hidden_link_text'>Anterior<\/span><\/a><a href='#next' class='next-slide  avia-svg-icon avia-font-svg_entypo-fontello' data-av_svg_icon='right-open-big' data-av_iconset='svg_entypo-fontello' tabindex='-1' title=\"Posterior\"><svg version=\"1.1\" xmlns=\"http:\/\/www.w3.org\/2000\/svg\" width=\"15\" height=\"32\" viewBox=\"0 0 15 32\" preserveAspectRatio=\"xMidYMid meet\" aria-labelledby='av-svg-title-2' aria-describedby='av-svg-desc-2' role=\"graphics-symbol\" aria-hidden=\"true\">\n<title id='av-svg-title-2'>Posterior<\/title>\n<desc id='av-svg-desc-2'>Posterior<\/desc>\n<path d=\"M0.416 27.84l11.456-11.84-11.456-11.904q-0.832-0.832 0-1.536 0.832-0.832 1.536 0l12.544 12.608q0.768 0.832 0 1.6l-12.544 12.608q-0.704 0.832-1.536 0-0.832-0.704 0-1.536z\"><\/path>\n<\/svg><span class='avia_hidden_link_text'>Posterior<\/span><\/a><\/div><\/div>\n\n<style type=\"text\/css\" data-created_by=\"avia_inline_auto\" id=\"style-css-av-av_one_full-aae0c2eda1e44a9292cd21dfb6293f8b\">\n#top .flex_column.av-av_one_full-aae0c2eda1e44a9292cd21dfb6293f8b{\nmargin-top:0px;\nmargin-bottom:0px;\n}\n.flex_column.av-av_one_full-aae0c2eda1e44a9292cd21dfb6293f8b{\nborder-radius:0px 0px 0px 0px;\npadding:0px 0px 0px 0px;\n}\n.responsive #top #wrap_all .flex_column.av-av_one_full-aae0c2eda1e44a9292cd21dfb6293f8b{\nmargin-top:0px;\nmargin-bottom:0px;\n}\n<\/style>\n<div  class='flex_column av-av_one_full-aae0c2eda1e44a9292cd21dfb6293f8b av_one_full  avia-builder-el-1  el_after_av_slideshow  el_before_av_one_half  first flex_column_div av-animated-generic bottom-to-top av-zero-column-padding  '     ><p>\n<style type=\"text\/css\" data-created_by=\"avia_inline_auto\" id=\"style-css-av-ktt978ih-d62d31b5bc55d1f1ca9a636c3f9dac18\">\n#top .av-special-heading.av-ktt978ih-d62d31b5bc55d1f1ca9a636c3f9dac18{\npadding-bottom:0;\n}\nbody .av-special-heading.av-ktt978ih-d62d31b5bc55d1f1ca9a636c3f9dac18 .av-special-heading-tag .heading-char{\nfont-size:25px;\n}\n.av-special-heading.av-ktt978ih-d62d31b5bc55d1f1ca9a636c3f9dac18 .av-subheading{\nfont-size:15px;\n}\n<\/style>\n<div  class='av-special-heading av-ktt978ih-d62d31b5bc55d1f1ca9a636c3f9dac18 av-special-heading-h1 blockquote modern-quote  avia-builder-el-2  el_before_av_hr  avia-builder-el-first '><h1 class='av-special-heading-tag '  itemprop=\"headline\"  >Zinc Blando<\/h1><div class=\"special-heading-border\"><div class=\"special-heading-inner-border\"><\/div><\/div><\/div><br \/>\n\n<style type=\"text\/css\" data-created_by=\"avia_inline_auto\" id=\"style-css-av-av_hr-465fe7c600bd47460306f45ef2cbad25\">\n#top .hr.av-av_hr-465fe7c600bd47460306f45ef2cbad25{\nmargin-top:10px;\nmargin-bottom:10px;\n}\n.hr.av-av_hr-465fe7c600bd47460306f45ef2cbad25 .hr-inner{\nwidth:50px;\nborder-color:#efbb20;\n}\n<\/style>\n<div  class='hr av-av_hr-465fe7c600bd47460306f45ef2cbad25 hr-custom  avia-builder-el-3  el_after_av_heading  avia-builder-el-last  hr-left hr-icon-no'><span class='hr-inner inner-border-av-border-fat'><span class=\"hr-inner-style\"><\/span><\/span><\/div><\/p><\/div><div class='flex_column_table av-av_one_half-2d8eb2893cedab0043a694ca889bfb9f sc-av_one_half av-equal-height-column-flextable'>\n<style type=\"text\/css\" data-created_by=\"avia_inline_auto\" id=\"style-css-av-av_one_half-2d8eb2893cedab0043a694ca889bfb9f\">\n#top .flex_column_table.av-equal-height-column-flextable.av-av_one_half-2d8eb2893cedab0043a694ca889bfb9f{\nmargin-top:0px;\nmargin-bottom:0px;\n}\n.flex_column.av-av_one_half-2d8eb2893cedab0043a694ca889bfb9f{\nborder-radius:0px 0px 0px 0px;\npadding:0px 0px 0px 0px;\n}\n<\/style>\n<div  class='flex_column av-av_one_half-2d8eb2893cedab0043a694ca889bfb9f av_one_half  avia-builder-el-4  el_after_av_one_full  el_before_av_one_half  first flex_column_table_cell av-equal-height-column av-align-top av-animated-generic bottom-to-top av-zero-column-padding  column-top-margin'     ><section  class='av_textblock_section av-ktt97mkw-db0ac964fad24907a1dcc3cf40602572 '   itemscope=\"itemscope\" itemtype=\"https:\/\/schema.org\/CreativeWork\" ><div class='avia_textblock'  itemprop=\"text\" ><h3>Zinc Blando:<\/h3>\n<p style=\"text-align: justify;\">El zinc blando es la mejor opci\u00f3n para crear conexiones con chimeneas, buhardillas del tejado y paredes con tejados duros. \u00bfPor qu\u00e9? Porque estos elementos del proyecto requieren un material flexible y maleable, y el Zinc Suave cumple ambos requisitos. Las conexiones realizadas con Soft Zinc no s\u00f3lo son est\u00e9ticas, sino que son f\u00e1ciles de plegar y suaves de soldar. Este material verde y ecol\u00f3gico es 100% reciclable y est\u00e1 disponible en l\u00e1minas lisas y cortes plisados listos para usar.<\/p>\n<\/div><\/section><\/div><\/p>\n<div class='av-flex-placeholder'><\/div>\n<style type=\"text\/css\" data-created_by=\"avia_inline_auto\" id=\"style-css-av-av_one_half-334f9af36cea173305c45a30c585176c\">\n#top .flex_column_table.av-equal-height-column-flextable.av-av_one_half-334f9af36cea173305c45a30c585176c{\nmargin-top:0px;\nmargin-bottom:0px;\n}\n.flex_column.av-av_one_half-334f9af36cea173305c45a30c585176c{\nborder-radius:0px 0px 0px 0px;\npadding:0px 0px 0px 0px;\n}\n<\/style>\n<div  class='flex_column av-av_one_half-334f9af36cea173305c45a30c585176c av_one_half  avia-builder-el-6  el_after_av_one_half  avia-builder-el-last  flex_column_table_cell av-equal-height-column av-align-top av-animated-generic bottom-to-top av-zero-column-padding  column-top-margin'     ><section  class='av_textblock_section av-ktt98aj4-32bac054f2a0c9800143890f54d9a654 '   itemscope=\"itemscope\" itemtype=\"https:\/\/schema.org\/CreativeWork\" ><div class='avia_textblock'  itemprop=\"text\" ><p style=\"text-align: justify;\">Cuando quiera crear conexiones f\u00e1ciles con chimeneas, buhardillas de tejado y paredes, Soft Zinc proporciona la flexibilidad y maleabilidad que necesita para una instalaci\u00f3n m\u00e1s r\u00e1pida. Como parte de nuestra familia de productos EcoChoice\u2122, Soft Zinc es un producto respetuoso con el medio ambiente, 100% reciclable y sin residuos t\u00f3xicos.<\/p>\n<p style=\"text-align: justify;\">MetalTech Global ofrece bobinas maestras de 24&#8243; de cualquier longitud que necesite, y tambi\u00e9n tenemos bobinas para cachorros en 8&#8243;, 10&#8243;, 12&#8243;, 14&#8243; y hojas planas.\u00a0 Tambi\u00e9n disponemos de anchos personalizados a petici\u00f3n del cliente.\u00a0 Tambi\u00e9n disponemos de paredes de cabeza y tapajuntas completas plisadas, as\u00ed como de accesorios de zinc blando pre-fabricados.<\/p>\n<\/div><\/section><\/div><\/div><!--close column table wrapper. Autoclose: 1 -->\n","protected":false},"excerpt":{"rendered":"","protected":false},"author":15,"featured_media":0,"parent":1781,"menu_order":0,"comment_status":"closed","ping_status":"closed","template":"","meta":{"footnotes":""},"class_list":["post-7446","page","type-page","status-publish","hentry"],"_links":{"self":[{"href":"https:\/\/metaltechglobal.com\/es\/wp-json\/wp\/v2\/pages\/7446","targetHints":{"allow":["GET"]}}],"collection":[{"href":"https:\/\/metaltechglobal.com\/es\/wp-json\/wp\/v2\/pages"}],"about":[{"href":"https:\/\/metaltechglobal.com\/es\/wp-json\/wp\/v2\/types\/page"}],"author":[{"embeddable":true,"href":"https:\/\/metaltechglobal.com\/es\/wp-json\/wp\/v2\/users\/15"}],"replies":[{"embeddable":true,"href":"https:\/\/metaltechglobal.com\/es\/wp-json\/wp\/v2\/comments?post=7446"}],"version-history":[{"count":4,"href":"https:\/\/metaltechglobal.com\/es\/wp-json\/wp\/v2\/pages\/7446\/revisions"}],"predecessor-version":[{"id":8145,"href":"https:\/\/metaltechglobal.com\/es\/wp-json\/wp\/v2\/pages\/7446\/revisions\/8145"}],"up":[{"embeddable":true,"href":"https:\/\/metaltechglobal.com\/es\/wp-json\/wp\/v2\/pages\/1781"}],"wp:attachment":[{"href":"https:\/\/metaltechglobal.com\/es\/wp-json\/wp\/v2\/media?parent=7446"}],"curies":[{"name":"wp","href":"https:\/\/api.w.org\/{rel}","templated":true}]}}