{"id":7441,"date":"2021-09-20T18:57:54","date_gmt":"2021-09-20T22:57:54","guid":{"rendered":"https:\/\/metaltechglobal.com\/?page_id=7441"},"modified":"2025-12-17T13:23:14","modified_gmt":"2025-12-17T18:23:14","slug":"cobre","status":"publish","type":"page","link":"https:\/\/metaltechglobal.com\/es\/productos\/sistemas-rainscreen\/cobre\/","title":{"rendered":"Cobre"},"content":{"rendered":"<div  class='avia-slideshow av-22z7sn-5a4c83449c52e859e52445e9ff89a562 avia-slideshow-featured_large av_slideshow avia-fade-slider  avia-builder-el-0  el_before_av_one_full  avia-builder-el-first  av-slideshow-ui av-control-hidden av-no-slider-navigation av-hide-nav-arrows av-slideshow-autoplay av-loop-endless av-loop-manual-endless av-default-height-applied avia-slideshow-1' data-slideshow-options=\"{&quot;animation&quot;:&quot;fade&quot;,&quot;autoplay&quot;:true,&quot;loop_autoplay&quot;:&quot;endless&quot;,&quot;interval&quot;:5,&quot;loop_manual&quot;:&quot;manual-endless&quot;,&quot;autoplay_stopper&quot;:false,&quot;noNavigation&quot;:true,&quot;bg_slider&quot;:false,&quot;keep_padding&quot;:false,&quot;hoverpause&quot;:false,&quot;show_slide_delay&quot;:0}\"  itemprop=\"image\" itemscope=\"itemscope\" itemtype=\"https:\/\/schema.org\/ImageObject\" ><ul class='avia-slideshow-inner ' style='padding-bottom: 66.519823788546%;'><li  class='avia-slideshow-slide av-22z7sn-5a4c83449c52e859e52445e9ff89a562__0  av-single-slide slide-1 slide-odd'><div data-rel='slideshow-1' class='avia-slide-wrap '   ><img decoding=\"async\" fetchpriority=\"high\" class=\"wp-image-2499 avia-img-lazy-loading-not-2499\"  src=\"https:\/\/metaltechglobal.com\/wp-content\/uploads\/2018\/03\/9095898.jpg\" width=\"454\" height=\"302\" title='9095898' alt='Architectural Zinc'  itemprop=\"thumbnailUrl\" srcset=\"https:\/\/metaltechglobal.com\/wp-content\/uploads\/2018\/03\/9095898.jpg 454w, https:\/\/metaltechglobal.com\/wp-content\/uploads\/2018\/03\/9095898-300x200.jpg 300w, https:\/\/metaltechglobal.com\/wp-content\/uploads\/2018\/03\/9095898-450x299.jpg 450w\" sizes=\"(max-width: 454px) 100vw, 454px\" \/><\/div><\/li><\/ul><\/div>\n\n<style type=\"text\/css\" data-created_by=\"avia_inline_auto\" id=\"style-css-av-61fnr-68b28bb5055b60b0155e7356d28f9c9c\">\n#top .flex_column.av-61fnr-68b28bb5055b60b0155e7356d28f9c9c{\nmargin-top:0px;\nmargin-bottom:0px;\n}\n.flex_column.av-61fnr-68b28bb5055b60b0155e7356d28f9c9c{\nborder-radius:0px 0px 0px 0px;\npadding:0px 0px 0px 0px;\n}\n.responsive #top #wrap_all .flex_column.av-61fnr-68b28bb5055b60b0155e7356d28f9c9c{\nmargin-top:0px;\nmargin-bottom:0px;\n}\n<\/style>\n<div  class='flex_column av-61fnr-68b28bb5055b60b0155e7356d28f9c9c av_one_full  avia-builder-el-1  el_after_av_slideshow  el_before_av_hr  first flex_column_div av-animated-generic bottom-to-top av-zero-column-padding  '     ><p>\n<style type=\"text\/css\" data-created_by=\"avia_inline_auto\" id=\"style-css-av-1kh0rr-0d47e2ac35610314cca4da48aa00cb39\">\n#top .av-special-heading.av-1kh0rr-0d47e2ac35610314cca4da48aa00cb39{\npadding-bottom:0;\n}\nbody .av-special-heading.av-1kh0rr-0d47e2ac35610314cca4da48aa00cb39 .av-special-heading-tag .heading-char{\nfont-size:25px;\n}\n.av-special-heading.av-1kh0rr-0d47e2ac35610314cca4da48aa00cb39 .av-subheading{\nfont-size:15px;\n}\n<\/style>\n<div  class='av-special-heading av-1kh0rr-0d47e2ac35610314cca4da48aa00cb39 av-special-heading-h1 blockquote modern-quote  avia-builder-el-2  el_before_av_hr  avia-builder-el-first '><h1 class='av-special-heading-tag '  itemprop=\"headline\"  >Cobre<\/h1><div class=\"special-heading-border\"><div class=\"special-heading-inner-border\"><\/div><\/div><\/div><br \/>\n\n<style type=\"text\/css\" data-created_by=\"avia_inline_auto\" id=\"style-css-av-1d8da7-bedc519560d64ef0adb96eb1dc1a8e91\">\n#top .hr.av-1d8da7-bedc519560d64ef0adb96eb1dc1a8e91{\nmargin-top:10px;\nmargin-bottom:10px;\n}\n.hr.av-1d8da7-bedc519560d64ef0adb96eb1dc1a8e91 .hr-inner{\nwidth:50px;\nborder-color:#efbb20;\n}\n<\/style>\n<div  class='hr av-1d8da7-bedc519560d64ef0adb96eb1dc1a8e91 hr-custom  avia-builder-el-3  el_after_av_heading  avia-builder-el-last  hr-left hr-icon-no'><span class='hr-inner inner-border-av-border-fat'><span class=\"hr-inner-style\"><\/span><\/span><\/div><\/p><\/div>\n\n<style type=\"text\/css\" data-created_by=\"avia_inline_auto\" id=\"style-css-av-17u1wv-ecda1a08cd8343ad309d34fb94c5d2f7\">\n#top .hr.hr-invisible.av-17u1wv-ecda1a08cd8343ad309d34fb94c5d2f7{\nheight:50px;\n}\n<\/style>\n<div  class='hr av-17u1wv-ecda1a08cd8343ad309d34fb94c5d2f7 hr-invisible  avia-builder-el-4  el_after_av_one_full  el_before_av_one_full '><span class='hr-inner '><span class=\"hr-inner-style\"><\/span><\/span><\/div>\n<div class='flex_column_table av-11lht3-6afc711c8c68549ea7300555eb19380f sc-av_one_full av-equal-height-column-flextable'>\n<style type=\"text\/css\" data-created_by=\"avia_inline_auto\" id=\"style-css-av-11lht3-6afc711c8c68549ea7300555eb19380f\">\n#top .flex_column_table.av-equal-height-column-flextable.av-11lht3-6afc711c8c68549ea7300555eb19380f{\nmargin-top:0px;\nmargin-bottom:0px;\n}\n.flex_column.av-11lht3-6afc711c8c68549ea7300555eb19380f{\nborder-radius:0px 0px 0px 0px;\npadding:0px 0px 0px 0px;\n}\n<\/style>\n<div  class='flex_column av-11lht3-6afc711c8c68549ea7300555eb19380f av_one_full  avia-builder-el-5  el_after_av_hr  el_before_av_one_half  first flex_column_table_cell av-equal-height-column av-align-top av-animated-generic bottom-to-top av-zero-column-padding  '     ><section  class='av_textblock_section av-v4caf-41985db99a6b74664174f5756c8aec8c '   itemscope=\"itemscope\" itemtype=\"https:\/\/schema.org\/CreativeWork\" ><div class='avia_textblock'  itemprop=\"text\" ><h3>Cobre<\/h3>\n<p style=\"text-align: justify;\">El cobre se ha utilizado como elemento de revestimiento arquitect\u00f3nico durante cientos de a\u00f1os. Inicialmente de color met\u00e1lico brillante, el cobre reinventa su color a medida que patina hasta que se forma su verd\u00edn verdoso definitivo. Esta p\u00e1tina sirve de capa protectora que confiere al material su excelente resistencia a la corrosi\u00f3n y durabilidad. El cobre tambi\u00e9n posee impresionantes propiedades antimicrobianas, lo que lo hace ideal para su uso en aplicaciones interiores.   <\/p>\n<p style=\"text-align: justify;\">Las cubiertas de cobre, los revestimientos murales de cobre, los canalones de cobre y otros productos de cobre son productos de construcci\u00f3n extremadamente ecol\u00f3gicos. Aunque las emisiones son una preocupaci\u00f3n com\u00fan cuando se eval\u00faa la viabilidad del uso de ciertos materiales de construcci\u00f3n, no ocurre as\u00ed con los productos de cobre. Los revestimientos murales de cobre, los canalones y bajantes de cobre y las cubiertas de cobre no emiten contaminantes al aire.  <\/p>\n<p style=\"text-align: justify;\">Los productos de cobre de MetalTech Global dise\u00f1ados seg\u00fan las especificaciones pueden responder a m\u00faltiples retos de dise\u00f1o en las \u00e1reas de durabilidad, sostenibilidad y flexibilidad. En una consulta inicial con un representante de MetalTech Global, se pueden debatir m\u00e1s a fondo las necesidades espec\u00edficas del proyecto y los requisitos de dise\u00f1o para tu proyecto de construcci\u00f3n de tejados de cobre, impermeabilizaci\u00f3n de cobre o revestimiento mural de cobre. <\/p>\n<\/div><\/section><\/div><\/div><!--close column table wrapper. Autoclose: 1 -->\n\n<style type=\"text\/css\" data-created_by=\"avia_inline_auto\" id=\"style-css-av-forin-4a5fefcd5dc94ccf6674edb693d4c17f\">\n.flex_column.av-forin-4a5fefcd5dc94ccf6674edb693d4c17f{\nborder-radius:0px 0px 0px 0px;\npadding:0px 0px 0px 0px;\n}\n<\/style>\n<div  class='flex_column av-forin-4a5fefcd5dc94ccf6674edb693d4c17f av_one_half  avia-builder-el-7  el_after_av_one_full  el_before_av_one_half  first flex_column_div av-animated-generic bottom-to-top av-zero-column-padding  column-top-margin'     ><section  class='av_textblock_section av-8nkjr-f157ff6785546bc6969319fc2c772812 '   itemscope=\"itemscope\" itemtype=\"https:\/\/schema.org\/CreativeWork\" ><div class='avia_textblock'  itemprop=\"text\" ><h3>Caracter\u00edsticas + beneficios<\/h3>\n<ul>\n<li>Ligero y flexible<\/li>\n<li>Manejar eficazmente la conductividad t\u00e9rmica y electr\u00f3nica<\/li>\n<li>P\u00e1tinas personalizadas disponibles<\/li>\n<li>100% reciclable<\/li>\n<li>Variedad de posibilidades de dise\u00f1o<\/li>\n<li>Sostenible y respetuoso con el medio ambiente<\/li>\n<\/ul>\n<\/div><\/section><\/div>\n\n<style type=\"text\/css\" data-created_by=\"avia_inline_auto\" id=\"style-css-av-rw8i7-c64d4908f783b957e99763bbbefedf2e\">\n.flex_column.av-rw8i7-c64d4908f783b957e99763bbbefedf2e{\nborder-radius:0px 0px 0px 0px;\npadding:0px 0px 0px 0px;\n}\n<\/style>\n<div  class='flex_column av-rw8i7-c64d4908f783b957e99763bbbefedf2e av_one_half  avia-builder-el-9  el_after_av_one_half  avia-builder-el-last  flex_column_div av-animated-generic bottom-to-top av-zero-column-padding  column-top-margin'     ><section  class='av_textblock_section av-nh9if-d4044ab30a8787d84989eb04a82a4ce4 '   itemscope=\"itemscope\" itemtype=\"https:\/\/schema.org\/CreativeWork\" ><div class='avia_textblock'  itemprop=\"text\" ><h3>Aplicaciones<\/h3>\n<ul>\n<li>Techo<\/li>\n<li>Fachada<\/li>\n<li>Tapajuntas<\/li>\n<li>Elementos interiores\/exteriores<\/li>\n<\/ul>\n<\/div><\/section><\/div>\n","protected":false},"excerpt":{"rendered":"","protected":false},"author":15,"featured_media":0,"parent":1781,"menu_order":0,"comment_status":"closed","ping_status":"closed","template":"","meta":{"footnotes":""},"class_list":["post-7441","page","type-page","status-publish","hentry"],"_links":{"self":[{"href":"https:\/\/metaltechglobal.com\/es\/wp-json\/wp\/v2\/pages\/7441","targetHints":{"allow":["GET"]}}],"collection":[{"href":"https:\/\/metaltechglobal.com\/es\/wp-json\/wp\/v2\/pages"}],"about":[{"href":"https:\/\/metaltechglobal.com\/es\/wp-json\/wp\/v2\/types\/page"}],"author":[{"embeddable":true,"href":"https:\/\/metaltechglobal.com\/es\/wp-json\/wp\/v2\/users\/15"}],"replies":[{"embeddable":true,"href":"https:\/\/metaltechglobal.com\/es\/wp-json\/wp\/v2\/comments?post=7441"}],"version-history":[{"count":8,"href":"https:\/\/metaltechglobal.com\/es\/wp-json\/wp\/v2\/pages\/7441\/revisions"}],"predecessor-version":[{"id":11401,"href":"https:\/\/metaltechglobal.com\/es\/wp-json\/wp\/v2\/pages\/7441\/revisions\/11401"}],"up":[{"embeddable":true,"href":"https:\/\/metaltechglobal.com\/es\/wp-json\/wp\/v2\/pages\/1781"}],"wp:attachment":[{"href":"https:\/\/metaltechglobal.com\/es\/wp-json\/wp\/v2\/media?parent=7441"}],"curies":[{"name":"wp","href":"https:\/\/api.w.org\/{rel}","templated":true}]}}