{"id":7288,"date":"2021-09-15T20:31:49","date_gmt":"2021-09-16T00:31:49","guid":{"rendered":"https:\/\/metaltechglobal.com\/?page_id=7288"},"modified":"2023-07-14T16:07:48","modified_gmt":"2023-07-14T20:07:48","slug":"revestimiento-de-zinc","status":"publish","type":"page","link":"https:\/\/metaltechglobal.com\/es\/productos\/procesamiento-lineal\/sistemas-de-zinc\/revestimiento-de-zinc\/","title":{"rendered":"Revestimiento de zinc"},"content":{"rendered":"\n<style type=\"text\/css\" data-created_by=\"avia_inline_auto\" id=\"style-css-av-240qdk-95d567e2d26eb3048e7eb429431aeaf7\">\n.flex_column.av-240qdk-95d567e2d26eb3048e7eb429431aeaf7{\nborder-radius:0px 0px 0px 0px;\npadding:0px 0px 0px 0px;\n}\n<\/style>\n<div  class='flex_column av-240qdk-95d567e2d26eb3048e7eb429431aeaf7 av_one_full first flex_column_div av-zero-column-padding  '     ><section  class='av_textblock_section av-jx1za2de-3d3dbf5d4e9ecccca0ae1b8c86fbce28 '   itemscope=\"itemscope\" itemtype=\"https:\/\/schema.org\/CreativeWork\" ><div class='avia_textblock'  itemprop=\"text\" ><h1 style=\"text-align: center;\">Revestimiento de zinc<\/h1>\n<\/div><\/section><br \/>\n\n<style type=\"text\/css\" data-created_by=\"avia_inline_auto\" id=\"style-css-av-jx1zffec-143282558d402c1ff7a016d20d876233\">\n.av-horizontal-gallery.av-jx1zffec-143282558d402c1ff7a016d20d876233{\npadding:3.75% 0px;;\n}\n.av-horizontal-gallery.av-jx1zffec-143282558d402c1ff7a016d20d876233 .av-horizontal-gallery-inner{\npadding-bottom:25%;\n}\n<\/style>\n<div  class='av-horizontal-gallery av-jx1zffec-143282558d402c1ff7a016d20d876233 av-horizontal-gallery-large-gap av-horizontal-gallery-enlarge-effect  avia-builder-el-1  el_after_av_textblock  el_before_av_textblock  av-slideshow-ui av-control-default av-slideshow-manual av-loop-once av-loop-manual-endless av-horizontal-gallery-1' data-slideshow-data=\"{&quot;enlarge&quot;:1.3,&quot;animation&quot;:&quot;slide&quot;,&quot;autoplay&quot;:false,&quot;loop_autoplay&quot;:&quot;once&quot;,&quot;interval&quot;:5,&quot;loop_manual&quot;:&quot;manual-endless&quot;,&quot;autoplay_stopper&quot;:false,&quot;noNavigation&quot;:false,&quot;bg_slider&quot;:false,&quot;keep_padding&quot;:&quot;&quot;,&quot;hoverpause&quot;:false,&quot;show_slide_delay&quot;:0}\"  itemprop=\"image\" itemscope=\"itemscope\" itemtype=\"https:\/\/schema.org\/ImageObject\" ><div class='avia-slideshow-arrows avia-slideshow-controls' ><a href='#prev' class='prev-slide av-horizontal-gallery-prev avia-svg-icon avia-font-svg_entypo-fontello' data-av_svg_icon='left-open-big' data-av_iconset='svg_entypo-fontello' tabindex='-1' title=\"Anterior\"><svg version=\"1.1\" xmlns=\"http:\/\/www.w3.org\/2000\/svg\" width=\"15\" height=\"32\" viewBox=\"0 0 15 32\" preserveAspectRatio=\"xMidYMid meet\" aria-labelledby='av-svg-title-1' aria-describedby='av-svg-desc-1' role=\"graphics-symbol\" aria-hidden=\"true\">\n<title id='av-svg-title-1'>Anterior<\/title>\n<desc id='av-svg-desc-1'>Anterior<\/desc>\n<path d=\"M14.464 27.84q0.832 0.832 0 1.536-0.832 0.832-1.536 0l-12.544-12.608q-0.768-0.768 0-1.6l12.544-12.608q0.704-0.832 1.536 0 0.832 0.704 0 1.536l-11.456 11.904z\"><\/path>\n<\/svg><span class='avia_hidden_link_text'>Anterior<\/span><\/a><a href='#next' class='next-slide av-horizontal-gallery-next avia-svg-icon avia-font-svg_entypo-fontello' data-av_svg_icon='right-open-big' data-av_iconset='svg_entypo-fontello' tabindex='-1' title=\"Posterior\"><svg version=\"1.1\" xmlns=\"http:\/\/www.w3.org\/2000\/svg\" width=\"15\" height=\"32\" viewBox=\"0 0 15 32\" preserveAspectRatio=\"xMidYMid meet\" aria-labelledby='av-svg-title-2' aria-describedby='av-svg-desc-2' role=\"graphics-symbol\" aria-hidden=\"true\">\n<title id='av-svg-title-2'>Posterior<\/title>\n<desc id='av-svg-desc-2'>Posterior<\/desc>\n<path d=\"M0.416 27.84l11.456-11.84-11.456-11.904q-0.832-0.832 0-1.536 0.832-0.832 1.536 0l12.544 12.608q0.768 0.832 0 1.6l-12.544 12.608q-0.704 0.832-1.536 0-0.832-0.704 0-1.536z\"><\/path>\n<\/svg><span class='avia_hidden_link_text'>Posterior<\/span><\/a><\/div><div class='avia-slideshow-dots avia-slideshow-controls av-horizontal-gallery-dots fade-in'><a href='#1' class='goto-slide active' >1<\/a><a href='#2' class='goto-slide ' >2<\/a><a href='#3' class='goto-slide ' >3<\/a><\/div><div class='av-horizontal-gallery-inner' data-av-height='25'><div class=\"av-horizontal-gallery-slider\"><div class=\"av-horizontal-gallery-wrap noHover\"><img decoding=\"async\" loading=\"lazy\" class='wp-image-4758 avia-img-lazy-loading-4758 av-horizontal-gallery-img' width=\"1030\" height=\"672\" src=\"https:\/\/metaltechglobal.com\/wp-content\/uploads\/2019\/06\/elzinc-graphite-1030x672.jpg\" title='elzinc graphite' alt='elzinc graphite' srcset=\"https:\/\/metaltechglobal.com\/wp-content\/uploads\/2019\/06\/elzinc-graphite-1030x672.jpg 1030w, https:\/\/metaltechglobal.com\/wp-content\/uploads\/2019\/06\/elzinc-graphite-300x196.jpg 300w, https:\/\/metaltechglobal.com\/wp-content\/uploads\/2019\/06\/elzinc-graphite-768x501.jpg 768w, https:\/\/metaltechglobal.com\/wp-content\/uploads\/2019\/06\/elzinc-graphite-1500x978.jpg 1500w, https:\/\/metaltechglobal.com\/wp-content\/uploads\/2019\/06\/elzinc-graphite-705x460.jpg 705w, https:\/\/metaltechglobal.com\/wp-content\/uploads\/2019\/06\/elzinc-graphite-450x293.jpg 450w, https:\/\/metaltechglobal.com\/wp-content\/uploads\/2019\/06\/elzinc-graphite.jpg 2048w\" sizes=\"auto, (max-width: 1030px) 100vw, 1030px\" \/><a href=\"https:\/\/metaltechglobal.com\/wp-content\/uploads\/2019\/06\/elzinc-graphite-1030x672.jpg\" data-srcset=\"https:\/\/metaltechglobal.com\/wp-content\/uploads\/2019\/06\/elzinc-graphite-1030x672.jpg 1030w, https:\/\/metaltechglobal.com\/wp-content\/uploads\/2019\/06\/elzinc-graphite-300x196.jpg 300w, https:\/\/metaltechglobal.com\/wp-content\/uploads\/2019\/06\/elzinc-graphite-768x501.jpg 768w, https:\/\/metaltechglobal.com\/wp-content\/uploads\/2019\/06\/elzinc-graphite-1500x978.jpg 1500w, https:\/\/metaltechglobal.com\/wp-content\/uploads\/2019\/06\/elzinc-graphite-705x460.jpg 705w, https:\/\/metaltechglobal.com\/wp-content\/uploads\/2019\/06\/elzinc-graphite-450x293.jpg 450w, https:\/\/metaltechglobal.com\/wp-content\/uploads\/2019\/06\/elzinc-graphite.jpg 2048w\" data-sizes=\"(max-width: 1030px) 100vw, 1030px\" class='av-horizontal-gallery-link avia-svg-icon avia-font-svg_entypo-fontello' data-av_svg_icon='resize-full' data-av_iconset='svg_entypo-fontello' title='elzinc graphite' alt='elzinc graphite' aria-label='Open image in lightbox: elzinc graphite'><svg version=\"1.1\" xmlns=\"http:\/\/www.w3.org\/2000\/svg\" width=\"25\" height=\"32\" viewBox=\"0 0 25 32\" preserveAspectRatio=\"xMidYMid meet\" aria-labelledby='av-svg-title-3' aria-describedby='av-svg-desc-3' role=\"graphics-symbol\" aria-hidden=\"true\">\n<title id='av-svg-title-3'>Open image in lightbox: elzinc graphite<\/title>\n<desc id='av-svg-desc-3'>Open image in lightbox: elzinc graphite<\/desc>\n<path d=\"M15.232 3.328h10.112v10.112l-3.2-3.968-4.672 4.864-3.2-3.2 4.864-4.672zM7.872 17.536l3.2 3.2-4.864 4.672 3.904 3.2h-10.112v-10.112l3.2 3.904z\"><\/path>\n<\/svg><\/a><\/div><div class=\"av-horizontal-gallery-wrap noHover\"><img decoding=\"async\" loading=\"lazy\" class='wp-image-4179 avia-img-lazy-loading-4179 av-horizontal-gallery-img' width=\"1030\" height=\"687\" src=\"https:\/\/metaltechglobal.com\/wp-content\/uploads\/2019\/02\/zinc-building-material-1030x687.jpg\" title='zinc building material' alt='zinc building material' srcset=\"https:\/\/metaltechglobal.com\/wp-content\/uploads\/2019\/02\/zinc-building-material-1030x687.jpg 1030w, https:\/\/metaltechglobal.com\/wp-content\/uploads\/2019\/02\/zinc-building-material-300x200.jpg 300w, https:\/\/metaltechglobal.com\/wp-content\/uploads\/2019\/02\/zinc-building-material-768x512.jpg 768w, https:\/\/metaltechglobal.com\/wp-content\/uploads\/2019\/02\/zinc-building-material-705x470.jpg 705w, https:\/\/metaltechglobal.com\/wp-content\/uploads\/2019\/02\/zinc-building-material-450x300.jpg 450w, https:\/\/metaltechglobal.com\/wp-content\/uploads\/2019\/02\/zinc-building-material.jpg 1072w\" sizes=\"auto, (max-width: 1030px) 100vw, 1030px\" \/><a href=\"https:\/\/metaltechglobal.com\/wp-content\/uploads\/2019\/02\/zinc-building-material-1030x687.jpg\" data-srcset=\"https:\/\/metaltechglobal.com\/wp-content\/uploads\/2019\/02\/zinc-building-material-1030x687.jpg 1030w, https:\/\/metaltechglobal.com\/wp-content\/uploads\/2019\/02\/zinc-building-material-300x200.jpg 300w, https:\/\/metaltechglobal.com\/wp-content\/uploads\/2019\/02\/zinc-building-material-768x512.jpg 768w, https:\/\/metaltechglobal.com\/wp-content\/uploads\/2019\/02\/zinc-building-material-705x470.jpg 705w, https:\/\/metaltechglobal.com\/wp-content\/uploads\/2019\/02\/zinc-building-material-450x300.jpg 450w, https:\/\/metaltechglobal.com\/wp-content\/uploads\/2019\/02\/zinc-building-material.jpg 1072w\" data-sizes=\"(max-width: 1030px) 100vw, 1030px\" class='av-horizontal-gallery-link avia-svg-icon avia-font-svg_entypo-fontello' data-av_svg_icon='resize-full' data-av_iconset='svg_entypo-fontello' title='zinc building material' alt='zinc building material' aria-label='Open image in lightbox: zinc building material'><svg version=\"1.1\" xmlns=\"http:\/\/www.w3.org\/2000\/svg\" width=\"25\" height=\"32\" viewBox=\"0 0 25 32\" preserveAspectRatio=\"xMidYMid meet\" aria-labelledby='av-svg-title-4' aria-describedby='av-svg-desc-4' role=\"graphics-symbol\" aria-hidden=\"true\">\n<title id='av-svg-title-4'>Open image in lightbox: zinc building material<\/title>\n<desc id='av-svg-desc-4'>Open image in lightbox: zinc building material<\/desc>\n<path d=\"M15.232 3.328h10.112v10.112l-3.2-3.968-4.672 4.864-3.2-3.2 4.864-4.672zM7.872 17.536l3.2 3.2-4.864 4.672 3.904 3.2h-10.112v-10.112l3.2 3.904z\"><\/path>\n<\/svg><\/a><\/div><div class=\"av-horizontal-gallery-wrap noHover\"><img decoding=\"async\" loading=\"lazy\" class='wp-image-4102 avia-img-lazy-loading-4102 av-horizontal-gallery-img' width=\"1030\" height=\"687\" src=\"https:\/\/metaltechglobal.com\/wp-content\/uploads\/2019\/02\/flatlock-panel-1030x687.jpg\" title='flatlock panel' alt='flatlock panel' srcset=\"https:\/\/metaltechglobal.com\/wp-content\/uploads\/2019\/02\/flatlock-panel-1030x687.jpg 1030w, https:\/\/metaltechglobal.com\/wp-content\/uploads\/2019\/02\/flatlock-panel-300x200.jpg 300w, https:\/\/metaltechglobal.com\/wp-content\/uploads\/2019\/02\/flatlock-panel-768x512.jpg 768w, https:\/\/metaltechglobal.com\/wp-content\/uploads\/2019\/02\/flatlock-panel-705x470.jpg 705w, https:\/\/metaltechglobal.com\/wp-content\/uploads\/2019\/02\/flatlock-panel-450x300.jpg 450w, https:\/\/metaltechglobal.com\/wp-content\/uploads\/2019\/02\/flatlock-panel.jpg 1072w\" sizes=\"auto, (max-width: 1030px) 100vw, 1030px\" \/><a href=\"https:\/\/metaltechglobal.com\/wp-content\/uploads\/2019\/02\/flatlock-panel-1030x687.jpg\" data-srcset=\"https:\/\/metaltechglobal.com\/wp-content\/uploads\/2019\/02\/flatlock-panel-1030x687.jpg 1030w, https:\/\/metaltechglobal.com\/wp-content\/uploads\/2019\/02\/flatlock-panel-300x200.jpg 300w, https:\/\/metaltechglobal.com\/wp-content\/uploads\/2019\/02\/flatlock-panel-768x512.jpg 768w, https:\/\/metaltechglobal.com\/wp-content\/uploads\/2019\/02\/flatlock-panel-705x470.jpg 705w, https:\/\/metaltechglobal.com\/wp-content\/uploads\/2019\/02\/flatlock-panel-450x300.jpg 450w, https:\/\/metaltechglobal.com\/wp-content\/uploads\/2019\/02\/flatlock-panel.jpg 1072w\" data-sizes=\"(max-width: 1030px) 100vw, 1030px\" class='av-horizontal-gallery-link avia-svg-icon avia-font-svg_entypo-fontello' data-av_svg_icon='resize-full' data-av_iconset='svg_entypo-fontello' title='flatlock panel' alt='flatlock panel' aria-label='Open image in lightbox: flatlock panel'><svg version=\"1.1\" xmlns=\"http:\/\/www.w3.org\/2000\/svg\" width=\"25\" height=\"32\" viewBox=\"0 0 25 32\" preserveAspectRatio=\"xMidYMid meet\" aria-labelledby='av-svg-title-5' aria-describedby='av-svg-desc-5' role=\"graphics-symbol\" aria-hidden=\"true\">\n<title id='av-svg-title-5'>Open image in lightbox: flatlock panel<\/title>\n<desc id='av-svg-desc-5'>Open image in lightbox: flatlock panel<\/desc>\n<path d=\"M15.232 3.328h10.112v10.112l-3.2-3.968-4.672 4.864-3.2-3.2 4.864-4.672zM7.872 17.536l3.2 3.2-4.864 4.672 3.904 3.2h-10.112v-10.112l3.2 3.904z\"><\/path>\n<\/svg><\/a><\/div><\/div><\/div><\/div><br \/>\n<section  class='av_textblock_section av-jx1zcnxe-761a9a302efd3eaea7149925df92025e '   itemscope=\"itemscope\" itemtype=\"https:\/\/schema.org\/CreativeWork\" ><div class='avia_textblock'  itemprop=\"text\" ><p>\u00bfEs el revestimiento de zinc adecuado para su pr\u00f3ximo proyecto?<\/p>\n<p>El zinc es una excelente opci\u00f3n de dise\u00f1o para fachadas, cubiertas y revestimientos. Su esperanza de vida y su capacidad para resistir a la intemperie son s\u00f3lo algunas de las ventajas de este metal que est\u00e1n aumentando la popularidad del revestimiento de zinc en la arquitectura. Dependiendo del entorno, la esperanza de vida media de un techo de zinc es de unos 100 a\u00f1os, mientras que una pared puede durar hasta 150 a\u00f1os.<\/p>\n<p>\u00bfC\u00f3mo? Gracias a la p\u00e1tina del zinc, es capaz de combatir la corrosi\u00f3n. Cuando se expone al proceso cotidiano de intemperie, comienza a formarse una capa protectora en la superficie. Esto evita el proceso de corrosi\u00f3n que experimenta el acero. Adem\u00e1s, la capa de zinc-carbonato resultante crea una hermosa p\u00e1tina que da un aspecto muy deseable en la arquitectura.<\/p>\n<p>Lo que hace que el zinc sea especialmente valorado es su capacidad de autocuraci\u00f3n. Cuando se raya o se raya, el zinc se somete a un proceso de repatinado, mediante la exposici\u00f3n a los elementos, para adaptarse al metal que lo rodea, y las marcas desaparecen. El revestimiento de zinc es una opci\u00f3n de bajo mantenimiento que reduce la necesidad de retocar la pintura o los revestimientos de los bordes, ya que el proceso de patinado se encargar\u00e1 de ello.<\/p>\n<p>Las fachadas y los revestimientos de zinc est\u00e1n preparando el terreno para la nueva arquitectura. Debido a su facilidad de fabricaci\u00f3n, los revestimientos se utilizan casi siempre de forma estil\u00edstica, por lo que el zinc arquitect\u00f3nico ofrece una gran variedad de estilos. Dado que el zinc es un metal muy suave y flexible, se puede moldear f\u00e1cilmente en la forma deseada de cualquier proyecto. Esta caracter\u00edstica es s\u00f3lo una de las muchas razones por las que el zinc es tan popular en aplicaciones arquitect\u00f3nicas \u00fanicas. En MetalTech Global disponemos de una amplia gama de formas y curvas que permiten muchos efectos est\u00e9ticos y aplicaciones diferentes. Trabajamos con usted para crear lo que busca, incluyendo acabados especiales y t\u00e9cnicas de perforaci\u00f3n que no encontrar\u00e1 en ning\u00fan otro sitio. Somos rentables sin dejar de lado la versatilidad del dise\u00f1o.<\/p>\n<p>Para consultas y ventas, p\u00f3ngase en contacto con nosotros en <a href=\"tel:+17704868825\">el 770.486.8825<\/a> para <a href=\"https:\/\/metaltechglobal.com\/es\/contacto\/\">obtener m\u00e1s informaci\u00f3n.<\/a><\/p>\n<\/div><\/section><br \/>\n<section  class='av_textblock_section av-l58glju7-ee46d8991bb1b0f9bf3b3ca24ecb021d '   itemscope=\"itemscope\" itemtype=\"https:\/\/schema.org\/CreativeWork\" ><div class='avia_textblock'  itemprop=\"text\" ><p>Si desea un art\u00edculo m\u00e1s detallado sobre las ventajas del revestimiento de zinc, consulte <a href=\"https:\/\/metaltechglobal.com\/is-zinc-good-for-cladding\/\">nuestro art\u00edculo<\/a>.<\/p>\n<\/div><\/section><\/p><\/div>\n","protected":false},"excerpt":{"rendered":"","protected":false},"author":15,"featured_media":4442,"parent":6809,"menu_order":0,"comment_status":"closed","ping_status":"closed","template":"","meta":{"footnotes":""},"class_list":["post-7288","page","type-page","status-publish","has-post-thumbnail","hentry"],"_links":{"self":[{"href":"https:\/\/metaltechglobal.com\/es\/wp-json\/wp\/v2\/pages\/7288","targetHints":{"allow":["GET"]}}],"collection":[{"href":"https:\/\/metaltechglobal.com\/es\/wp-json\/wp\/v2\/pages"}],"about":[{"href":"https:\/\/metaltechglobal.com\/es\/wp-json\/wp\/v2\/types\/page"}],"author":[{"embeddable":true,"href":"https:\/\/metaltechglobal.com\/es\/wp-json\/wp\/v2\/users\/15"}],"replies":[{"embeddable":true,"href":"https:\/\/metaltechglobal.com\/es\/wp-json\/wp\/v2\/comments?post=7288"}],"version-history":[{"count":13,"href":"https:\/\/metaltechglobal.com\/es\/wp-json\/wp\/v2\/pages\/7288\/revisions"}],"predecessor-version":[{"id":10864,"href":"https:\/\/metaltechglobal.com\/es\/wp-json\/wp\/v2\/pages\/7288\/revisions\/10864"}],"up":[{"embeddable":true,"href":"https:\/\/metaltechglobal.com\/es\/wp-json\/wp\/v2\/pages\/6809"}],"wp:featuredmedia":[{"embeddable":true,"href":"https:\/\/metaltechglobal.com\/es\/wp-json\/wp\/v2\/media\/4442"}],"wp:attachment":[{"href":"https:\/\/metaltechglobal.com\/es\/wp-json\/wp\/v2\/media?parent=7288"}],"curies":[{"name":"wp","href":"https:\/\/api.w.org\/{rel}","templated":true}]}}