{"id":1908,"date":"2018-08-09T10:46:49","date_gmt":"2018-08-09T10:46:49","guid":{"rendered":"https:\/\/metaltechglobal.com\/educacion-continua\/"},"modified":"2023-07-06T14:14:29","modified_gmt":"2023-07-06T18:14:29","slug":"educacion-continua","status":"publish","type":"page","link":"https:\/\/metaltechglobal.com\/es\/educacion-continua\/","title":{"rendered":"Educaci\u00f3n continua"},"content":{"rendered":"\n<style type=\"text\/css\" data-created_by=\"avia_inline_auto\" id=\"style-css-av-bqqv1f-752b75a90b8eaf99cf2000076d98a458\">\n.flex_column.av-bqqv1f-752b75a90b8eaf99cf2000076d98a458{\nborder-radius:0px 0px 0px 0px;\npadding:0px 0px 0px 0px;\n}\n<\/style>\n<div  class='flex_column av-bqqv1f-752b75a90b8eaf99cf2000076d98a458 av_one_full  avia-builder-el-0  el_before_av_two_fifth  avia-builder-el-first  first flex_column_div av-zero-column-padding  '     ><p>\n<style type=\"text\/css\" data-created_by=\"avia_inline_auto\" id=\"style-css-av-jx29o99y-0cf0093b029eeda5bdeee57d0488801e\">\n#top .av-special-heading.av-jx29o99y-0cf0093b029eeda5bdeee57d0488801e{\npadding-bottom:10px;\n}\nbody .av-special-heading.av-jx29o99y-0cf0093b029eeda5bdeee57d0488801e .av-special-heading-tag .heading-char{\nfont-size:25px;\n}\n.av-special-heading.av-jx29o99y-0cf0093b029eeda5bdeee57d0488801e .av-subheading{\nfont-size:15px;\n}\n<\/style>\n<div  class='av-special-heading av-jx29o99y-0cf0093b029eeda5bdeee57d0488801e av-special-heading-h1 blockquote modern-quote modern-centered  avia-builder-el-1  el_before_av_hr  avia-builder-el-first '><h1 class='av-special-heading-tag '  itemprop=\"headline\"  >Cursos de formaci\u00f3n continua | AFP CEU Credits<\/h1><div class=\"special-heading-border\"><div class=\"special-heading-inner-border\"><\/div><\/div><\/div><br \/>\n\n<style type=\"text\/css\" data-created_by=\"avia_inline_auto\" id=\"style-css-av-b7lcib-d53bb588342b358782a271ae48ee83cf\">\n#top .hr.av-b7lcib-d53bb588342b358782a271ae48ee83cf{\nmargin-top:5px;\nmargin-bottom:35px;\n}\n.hr.av-b7lcib-d53bb588342b358782a271ae48ee83cf .hr-inner{\nwidth:50px;\nborder-color:#efbb20;\n}\n<\/style>\n<div  class='hr av-b7lcib-d53bb588342b358782a271ae48ee83cf hr-custom  avia-builder-el-2  el_after_av_heading  avia-builder-el-last  hr-center hr-icon-no'><span class='hr-inner inner-border-av-border-fat'><span class=\"hr-inner-style\"><\/span><\/span><\/div><\/p><\/div>\n<style type=\"text\/css\" data-created_by=\"avia_inline_auto\" id=\"style-css-av-vdctf-8b944715e7ffe9770bdb4e0df655d5ce\">\n.flex_column.av-vdctf-8b944715e7ffe9770bdb4e0df655d5ce{\nborder-radius:0px 0px 0px 0px;\npadding:0px 0px 0px 0px;\n}\n<\/style>\n<div  class='flex_column av-vdctf-8b944715e7ffe9770bdb4e0df655d5ce av_two_fifth  avia-builder-el-3  el_after_av_one_full  el_before_av_one_fifth  first flex_column_div av-zero-column-padding  column-top-margin'     ><section  class='av_textblock_section av-6xxspf-cc391b7873560b386f666674b15dd1f7 '   itemscope=\"itemscope\" itemtype=\"https:\/\/schema.org\/CreativeWork\" ><div class='avia_textblock'  itemprop=\"text\" ><p style=\"text-align: justify;\"><strong>T\u00edtulo del curso:<\/strong><\/p>\n<p style=\"text-align: justify;\">Dise\u00f1ar con zinc arquitect\u00f3nico: t\u00e9cnicas y m\u00e9todos de construcci\u00f3n actuales<br \/>\n\u200b<br \/>\nAIA\/CEU 1 hora HSW\/LU<\/p>\n<p style=\"text-align: justify;\"><strong>Descripci\u00f3n del curso:<\/strong><\/p>\n<p style=\"text-align: justify;\">El zinc es un metal arquitect\u00f3nico emergente en los Estados Unidos debido a sus numerosos beneficios y capacidad para obtener puntos para la certificaci\u00f3n LEED.<\/p>\n<p style=\"text-align: justify;\"><strong>En este estudio se:<\/strong><\/p>\n<ul>\n<li style=\"text-align: justify;\">Camine a los participantes a trav\u00e9s de la historia del zinc y sus usos que conducen a sus usos como metal arquitect\u00f3nico.<\/li>\n<li style=\"text-align: justify;\">Muestre las diversas capacidades y beneficios del zinc para el dise\u00f1o y la est\u00e9tica de edificios en aplicaciones exteriores e interiores.<\/li>\n<li style=\"text-align: justify;\">Adquiera conocimientos sobre el rendimiento del zinc arquitect\u00f3nico en el medio ambiente y comp\u00e1relo con otros metales y materiales de construcci\u00f3n.<\/li>\n<li style=\"text-align: justify;\">Demostrar que los beneficios del ciclo de vida del zinc arquitect\u00f3nico son demostrables y se ha demostrado que superan con creces los costos iniciales inicial.<\/li>\n<\/ul>\n<p><strong>Formato del curso:<\/strong><\/p>\n<p>Reuni\u00f3n virtual<\/p>\n<\/div><\/section><\/div><\/p>\n\n<style type=\"text\/css\" data-created_by=\"avia_inline_auto\" id=\"style-css-av-691g6r-5ff29c5605265e32864e0402874bee57\">\n.flex_column.av-691g6r-5ff29c5605265e32864e0402874bee57{\nborder-radius:0px 0px 0px 0px;\npadding:0px 0px 0px 0px;\n}\n<\/style>\n<div  class='flex_column av-691g6r-5ff29c5605265e32864e0402874bee57 av_one_fifth  avia-builder-el-5  el_after_av_two_fifth  el_before_av_one_third  flex_column_div av-zero-column-padding  column-top-margin'     ><style type=\"text\/css\" data-created_by=\"avia_inline_auto\" id=\"style-css-av-4tkb83-8d7c60c1d1746cdeef8d48453260ae14\">\n.avia-image-container.av-4tkb83-8d7c60c1d1746cdeef8d48453260ae14 img.avia_image{\nbox-shadow:none;\n}\n.avia-image-container.av-4tkb83-8d7c60c1d1746cdeef8d48453260ae14 .av-image-caption-overlay-center{\ncolor:#ffffff;\n}\n<\/style>\n<div  class='avia-image-container av-4tkb83-8d7c60c1d1746cdeef8d48453260ae14 av-styling- avia-align-center  avia-builder-el-6  avia-builder-el-no-sibling '   itemprop=\"image\" itemscope=\"itemscope\" itemtype=\"https:\/\/schema.org\/ImageObject\" ><div class=\"avia-image-container-inner\"><div class=\"avia-image-overlay-wrap\"><img decoding=\"async\" fetchpriority=\"high\" class='wp-image-2673 avia-img-lazy-loading-not-2673 avia_image ' src=\"https:\/\/metaltechglobal.com\/wp-content\/uploads\/2018\/05\/9402227_orig.jpg\" alt='' title='9402227_origen'  height=\"250\" width=\"266\"  itemprop=\"thumbnailUrl\"  \/><\/div><\/div><\/div><\/div>\n\n<style type=\"text\/css\" data-created_by=\"avia_inline_auto\" id=\"style-css-av-hxpwsz-4cc7b32fa8338ed8d8fab0f4d8697d6f\">\n.flex_column.av-hxpwsz-4cc7b32fa8338ed8d8fab0f4d8697d6f{\nborder-radius:0px 0px 0px 0px;\npadding:0px 0px 0px 0px;\n}\n<\/style>\n<div  class='flex_column av-hxpwsz-4cc7b32fa8338ed8d8fab0f4d8697d6f av_one_third  avia-builder-el-7  el_after_av_one_fifth  avia-builder-el-last  flex_column_div av-zero-column-padding  column-top-margin'     ><form action=\"https:\/\/metaltechglobal.com\/es\/educacion-continua\/\" method=\"post\" data-fields-with-error=\"Found errors in the following field(s):\" class=\"avia_ajax_form av-form-labels-visible   avia-builder-el-8  avia-builder-el-no-sibling   \" data-avia-form-id=\"1\" data-avia-redirect='' ><h3 class=''>Registrar aqu\u00ed<\/h3><fieldset><p class='  first_form  form_element form_fullwidth' id='element_avia_1_1'><label for=\"avia_1_1\">Primer nombre <abbr class=\"required\" title=\"requerido\">*<\/abbr><\/label> <input name=\"avia_1_1\" class=\"text_input is_empty\" type=\"text\" id=\"avia_1_1\" value=\"\" \/><\/p><p class='  first_form  form_element form_fullwidth' id='element_avia_2_1'><label for=\"avia_2_1\">Apellido <abbr class=\"required\" title=\"requerido\">*<\/abbr><\/label> <input name=\"avia_2_1\" class=\"text_input is_empty\" type=\"text\" id=\"avia_2_1\" value=\"\" \/><\/p><p class='  first_form  form_element form_fullwidth' id='element_avia_3_1'><label for=\"avia_3_1\">Correo electr\u00f3nico <abbr class=\"required\" title=\"requerido\">*<\/abbr><\/label> <input name=\"avia_3_1\" class=\"text_input is_email\" type=\"text\" id=\"avia_3_1\" value=\"\" \/><\/p><p class='  first_form  form_element form_fullwidth' id='element_avia_4_1'><label for=\"avia_4_1\">nombre de empresa <abbr class=\"required\" title=\"requerido\">*<\/abbr><\/label> <input name=\"avia_4_1\" class=\"text_input is_empty\" type=\"text\" id=\"avia_4_1\" value=\"\" \/><\/p><p class='  first_form  form_element form_fullwidth' id='element_avia_5_1'><label for=\"avia_5_1\">N\u00famero de tel\u00e9fono <abbr class=\"required\" title=\"requerido\">*<\/abbr><\/label> <input name=\"avia_5_1\" class=\"text_input is_phone\" type=\"text\" id=\"avia_5_1\" value=\"\" \/><\/p><p class='  first_form  form_element form_fullwidth' id='element_avia_6_1'><input  name=\"avia_6_1\" class=\"input_checkbox \" type=\"checkbox\" id=\"avia_6_1\" value=\"true\"\/><label class=\"input_checkbox_label\" for=\"avia_6_1\">Arquitecto<\/label><\/p><p class='  first_form  form_element form_fullwidth' id='element_avia_7_1'><input  name=\"avia_7_1\" class=\"input_checkbox \" type=\"checkbox\" id=\"avia_7_1\" value=\"true\"\/><label class=\"input_checkbox_label\" for=\"avia_7_1\">Instalador<\/label><\/p><p class='  first_form  form_element form_fullwidth' id='element_avia_8_1'><input  name=\"avia_8_1\" class=\"input_checkbox \" type=\"checkbox\" id=\"avia_8_1\" value=\"true\"\/><label class=\"input_checkbox_label\" for=\"avia_8_1\">Estudiante<\/label><\/p><p class='  first_form  form_element form_fullwidth av-last-visible-form-element' id='element_avia_9_1'><input  name=\"avia_9_1\" class=\"input_checkbox \" type=\"checkbox\" id=\"avia_9_1\" value=\"true\"\/><label class=\"input_checkbox_label\" for=\"avia_9_1\">Otro<\/label><\/p><p class=\"hidden\"><input type=\"text\" name=\"avia_10_1\" class=\"hidden \" id=\"avia_10_1\" value=\"\" \/><\/p><p class=\"form_element \"><input type=\"hidden\" value=\"1\" name=\"avia_generated_form1\" \/><input type=\"submit\" value=\"Enviar\" class=\"button\"  data-sending-label=\"Enviando\"\/><\/p><\/fieldset><\/form><div id=\"ajaxresponse_1\" class=\"ajaxresponse ajaxresponse_1 hidden\"><\/div><\/div>\n","protected":false},"excerpt":{"rendered":"","protected":false},"author":15,"featured_media":0,"parent":0,"menu_order":0,"comment_status":"closed","ping_status":"closed","template":"","meta":{"footnotes":""},"class_list":["post-1908","page","type-page","status-publish","hentry"],"_links":{"self":[{"href":"https:\/\/metaltechglobal.com\/es\/wp-json\/wp\/v2\/pages\/1908","targetHints":{"allow":["GET"]}}],"collection":[{"href":"https:\/\/metaltechglobal.com\/es\/wp-json\/wp\/v2\/pages"}],"about":[{"href":"https:\/\/metaltechglobal.com\/es\/wp-json\/wp\/v2\/types\/page"}],"author":[{"embeddable":true,"href":"https:\/\/metaltechglobal.com\/es\/wp-json\/wp\/v2\/users\/15"}],"replies":[{"embeddable":true,"href":"https:\/\/metaltechglobal.com\/es\/wp-json\/wp\/v2\/comments?post=1908"}],"version-history":[{"count":9,"href":"https:\/\/metaltechglobal.com\/es\/wp-json\/wp\/v2\/pages\/1908\/revisions"}],"predecessor-version":[{"id":10382,"href":"https:\/\/metaltechglobal.com\/es\/wp-json\/wp\/v2\/pages\/1908\/revisions\/10382"}],"wp:attachment":[{"href":"https:\/\/metaltechglobal.com\/es\/wp-json\/wp\/v2\/media?parent=1908"}],"curies":[{"name":"wp","href":"https:\/\/api.w.org\/{rel}","templated":true}]}}